{"id":102,"date":"2021-06-07T10:49:18","date_gmt":"2021-06-07T08:49:18","guid":{"rendered":"http:\/\/schneider-dalecki.com\/?page_id=102"},"modified":"2021-11-29T12:40:56","modified_gmt":"2021-11-29T11:40:56","slug":"technologia","status":"publish","type":"page","link":"https:\/\/schneider-dalecki.com\/?page_id=102","title":{"rendered":"Technologia"},"content":{"rendered":"<p style=\"text-align: center;\"><strong>Kompozyty<\/strong><\/p>\n<p style=\"text-align: center;\">Materia\u0142 kompozytowy jest to\u00a0 materia\u0142 o strukturze niejednorodnej, z\u0142o\u017cony z dw\u00f3ch lub wi\u0119cej komponent\u00f3w o r\u00f3\u017cnych w\u0142a\u015bciwo\u015bciach. W\u0142a\u015bciwo\u015bci kompozyt\u00f3w nigdy nie s\u0105 sum\u0105 czy \u015bredni\u0105 w\u0142a\u015bciwo\u015bci jego sk\u0142adnik\u00f3w. Najcz\u0119\u015bciej jeden z komponent\u00f3w stanowi lepiszcze, kt\u00f3re gwarantuje jego sp\u00f3jno\u015b\u0107, twardo\u015b\u0107 i elastyczno\u015b\u0107, a drugi, tzw. komponent konstrukcyjny zapewnia odporno\u015b\u0107 na \u015bciskanie i rozci\u0105ganie.<\/p>\n<p style=\"text-align: center;\">Kompozyty maj\u0105 zastosowanie jako materia\u0142y konstrukcyjne w wielu dziedzinach techniki, m.in. w budownictwie (np. beton, \u017celbet), w technice lotniczej i astronautyce (np. elementy samolot\u00f3w, rakiet, sztucznych satelit\u00f3w), w przemy\u015ble \u015brodk\u00f3w transportu ko\u0142owego i szynowego (np. resory i zderzaki samochodowe, ok\u0142adziny hamulcowe), w produkcji cz\u0119\u015bci maszyn, urz\u0105dze\u0144 i wyrob\u00f3w sprz\u0119tu sportowego (np. \u0142odzie, narty, tyczki, oszczepy).<\/p>\n<p style=\"text-align: center;\">Jednym z rodzaju kompozytu jest laminat<\/p>\n<p style=\"text-align: center;\">Technologie wytwarzania laminatu:<\/p>\n<p style=\"text-align: center;\"><strong>Laminat r\u0119czny<\/strong><\/p>\n<p style=\"text-align: center;\">Laminowanie r\u0119czne jest jedna z najstarszych technologii wytwarzania laminat\u00f3w. Pierwsze udane pr\u00f3by wytworzenia laminat\u00f3w z w\u0142\u00f3kien mineralnych i sztucznych uda\u0142o si\u0119 uzyska\u0107 pod koniec II wojny \u015bwiatowej (w Niemczech\u00a0 jak i USA). Rozw\u00f3j technologii nast\u0105pi\u0142 dopiero w po roku 1950 w raz z opracowaniem tanich \u017cywic poliestrowych. R\u0119czne laminowanie polega na r\u0119cznym naniesieniu odpowiedniej \u017cywicy z inicjatorem na przygotowane wcze\u015bniej zbrojenie (w\u0142\u00f3knina szklana\/w\u0119glowa, pianki PU i PCV, balsa). Za pomoc\u0105 narz\u0119dzi takich jak wa\u0142ki, p\u0119dzle pracownik przesyca zbrojenie \u017cywic\u0105, po utwardzeniu \u017cywicy mo\u017cna nanie\u015b\u0107 kolejna warstw\u0119 zbrojenia. Jedn\u0105 z najwi\u0119kszych zalet tej technologii jest mo\u017cliwo\u015b\u0107 wyprodukowania wielko gabarytowych element\u00f3w.<\/p>\n<table style=\"border-collapse: collapse; width: 100%;\">\n<tbody>\n<tr>\n<td style=\"width: 100%; text-align: center;\"><img loading=\"lazy\" class=\"wp-image-184 size-full aligncenter\" src=\"http:\/\/schneider-dalecki.com\/wp-content\/uploads\/2021\/11\/LR_1-2.png\" alt=\"\" width=\"600\" height=\"353\" srcset=\"https:\/\/schneider-dalecki.com\/wp-content\/uploads\/2021\/11\/LR_1-2.png 600w, https:\/\/schneider-dalecki.com\/wp-content\/uploads\/2021\/11\/LR_1-2-300x177.png 300w\" sizes=\"(max-width: 600px) 100vw, 600px\" \/><\/td>\n<\/tr>\n<\/tbody>\n<\/table>\n<p style=\"text-align: center;\"><strong>Laminat natryskowy<\/strong><\/p>\n<p style=\"text-align: center;\">Wraz z rozwojem technologii laminowania r\u0119cznego opracowano technologie laminatu natryskowego. Technologia polega na natryskiwaniu na wcze\u015bniej przygotowana form\u0119 \u017cywicy oraz poci\u0119tego\u00a0 zbrojenia (w\u0142\u00f3kno szklane podawane w postaci sznurka)\u00a0 za pomoc\u0105 specjalnego pistoletu. Koleinie usuwa si\u0119 nadmiar \u017cywicy oraz ewentualne powsta\u0142e p\u0119cherze powietrza wa\u0142kami. Podobnie jak w przypadku laminat\u00f3w r\u0119cznych jedna z zalet jest mo\u017cliwo\u015b\u0107 wykonywania element\u00f3w o du\u017cych gabarytach ale tak\u017ce i tych o bardziej skomplikowanych kszta\u0142tach.<\/p>\n<table style=\"border-collapse: collapse; width: 100%;\">\n<tbody>\n<tr>\n<td style=\"width: 100%; text-align: center;\"><img loading=\"lazy\" class=\"wp-image-185 size-full aligncenter\" src=\"http:\/\/schneider-dalecki.com\/wp-content\/uploads\/2021\/11\/ln_1-1.png\" alt=\"\" width=\"600\" height=\"524\" srcset=\"https:\/\/schneider-dalecki.com\/wp-content\/uploads\/2021\/11\/ln_1-1.png 600w, https:\/\/schneider-dalecki.com\/wp-content\/uploads\/2021\/11\/ln_1-1-300x262.png 300w\" sizes=\"(max-width: 600px) 100vw, 600px\" \/><\/td>\n<\/tr>\n<\/tbody>\n<\/table>\n<p style=\"text-align: center;\"><strong>RTM<\/strong> ( Resin Transfer Molding)<\/p>\n<p style=\"text-align: center;\">Technologia polegaj\u0105ca na podaniu zainicjonowanej \u017cywicy pod ci\u015bnieniem w szczelnie zamkni\u0119te\u00a0 uzbrojone formy. Forma sk\u0142ada si\u0119 z 2 element\u00f3w formy (mama) kontr forma (tata). W pierwszej fazie przygotowawczej formy wyk\u0142ada si\u0119 zbrojeniem(w\u0142\u00f3knina szklana\/w\u0119glowa, pianki PU i PCV, balsa)po czym szczelnie zamyka. Po przez kana\u0142y drena\u017cowe wt\u0142aczana jest \u017cywica. Dzi\u0119ki tej metodzie laminowania wyr\u00f3b posiada g\u0142adka i estetyczna powierzchnie z obu stron a nie z jednej jak w przepadku laminowania r\u0119cznego\/natryskowego. Kolejn\u0105 bardzo wa\u017cn\u0105 zalet\u0105 tej technologii jest\u00a0\u00a0 wysoki stosunek udzia\u0142u zbrojenia w laminacie co przek\u0142ada si\u0119 na wytrzyma\u0142o\u015b\u0107 wyrobu ko\u0144cowego.<\/p>\n<table style=\"border-collapse: collapse; width: 100%;\">\n<tbody>\n<tr>\n<td style=\"width: 100%; text-align: center;\"><img loading=\"lazy\" class=\"alignnone wp-image-192 size-full\" src=\"http:\/\/schneider-dalecki.com\/wp-content\/uploads\/2021\/11\/LRTM_1-5.png\" alt=\"\" width=\"599\" height=\"503\" srcset=\"https:\/\/schneider-dalecki.com\/wp-content\/uploads\/2021\/11\/LRTM_1-5.png 599w, https:\/\/schneider-dalecki.com\/wp-content\/uploads\/2021\/11\/LRTM_1-5-300x252.png 300w\" sizes=\"(max-width: 599px) 100vw, 599px\" \/><\/td>\n<\/tr>\n<\/tbody>\n<\/table>\n<p style=\"text-align: center;\"><strong>Infuzji<\/strong>\u00a0(Resin infusion -Vacuum infusion)<\/p>\n<p style=\"text-align: center;\">Technologia wykorzystuj\u0105ca podci\u015bnienie do przes\u0105czenia zbrojenia na formie. Pierwszym etapem jest przygotowanie formy poprzez wy\u0142o\u017cenie na sucho zbrojenia oraz siatki usprawniaj\u0105cej p\u0142yni\u0119cie \u017cywicy. Tak Przygotowan\u0105 form\u0119 wk\u0142ada si\u0119 do worka pr\u00f3\u017cniowego ( uszczelnia ). Za pomoc\u0105 wytworzonej mechanicznie pr\u00f3\u017cni, \u017cywica swobodnie przes\u0105cza zbrojenie laminatu. Jest to obecnie jedna z najbardziej zawansowanych metod wytwarzania laminat\u00f3w, cechuj\u0105 ca si\u0119 obni\u017ceniem wagi finalnego wyrobu, bardzo sta\u0142e (unormowane) zu\u017cycie \u017cywicy, zwi\u0119kszon\u0105 zawarto\u015b\u0107 zbrojenia szklanego z 35 % do 55 % a za czym idzie zwi\u0119kszon\u0105 wytrzyma\u0142o\u015bci\u0105 wyrobu.<\/p>\n<table style=\"border-collapse: collapse; width: 100%;\">\n<tbody>\n<tr>\n<td style=\"width: 100%; text-align: center;\"><img loading=\"lazy\" class=\"alignnone wp-image-193 size-full\" src=\"http:\/\/schneider-dalecki.com\/wp-content\/uploads\/2021\/11\/LI_1-3.png\" alt=\"\" width=\"600\" height=\"409\" srcset=\"https:\/\/schneider-dalecki.com\/wp-content\/uploads\/2021\/11\/LI_1-3.png 600w, https:\/\/schneider-dalecki.com\/wp-content\/uploads\/2021\/11\/LI_1-3-300x205.png 300w\" sizes=\"(max-width: 600px) 100vw, 600px\" \/><\/td>\n<\/tr>\n<\/tbody>\n<\/table>\n<p style=\"text-align: center;\">\n","protected":false},"excerpt":{"rendered":"<p>Kompozyty Materia\u0142 kompozytowy jest to\u00a0 materia\u0142 o strukturze niejednorodnej, z\u0142o\u017cony z dw\u00f3ch lub wi\u0119cej komponent\u00f3w o r\u00f3\u017cnych w\u0142a\u015bciwo\u015bciach. W\u0142a\u015bciwo\u015bci kompozyt\u00f3w nigdy nie s\u0105 sum\u0105 czy \u015bredni\u0105 w\u0142a\u015bciwo\u015bci jego sk\u0142adnik\u00f3w. Najcz\u0119\u015bciej jeden z komponent\u00f3w stanowi lepiszcze, kt\u00f3re gwarantuje jego sp\u00f3jno\u015b\u0107, twardo\u015b\u0107 i elastyczno\u015b\u0107, a drugi, tzw. komponent konstrukcyjny zapewnia odporno\u015b\u0107 na \u015bciskanie i rozci\u0105ganie. Kompozyty maj\u0105&hellip;<\/p>\n<p class=\"more\"><a class=\"more-link\" href=\"https:\/\/schneider-dalecki.com\/?page_id=102\">Continue reading <span class=\"screen-reader-text\">Technologia<\/span><\/a><\/p>\n","protected":false},"author":1,"featured_media":0,"parent":2,"menu_order":0,"comment_status":"closed","ping_status":"closed","template":"","meta":[],"_links":{"self":[{"href":"https:\/\/schneider-dalecki.com\/index.php?rest_route=\/wp\/v2\/pages\/102"}],"collection":[{"href":"https:\/\/schneider-dalecki.com\/index.php?rest_route=\/wp\/v2\/pages"}],"about":[{"href":"https:\/\/schneider-dalecki.com\/index.php?rest_route=\/wp\/v2\/types\/page"}],"author":[{"embeddable":true,"href":"https:\/\/schneider-dalecki.com\/index.php?rest_route=\/wp\/v2\/users\/1"}],"replies":[{"embeddable":true,"href":"https:\/\/schneider-dalecki.com\/index.php?rest_route=%2Fwp%2Fv2%2Fcomments&post=102"}],"version-history":[{"count":18,"href":"https:\/\/schneider-dalecki.com\/index.php?rest_route=\/wp\/v2\/pages\/102\/revisions"}],"predecessor-version":[{"id":194,"href":"https:\/\/schneider-dalecki.com\/index.php?rest_route=\/wp\/v2\/pages\/102\/revisions\/194"}],"up":[{"embeddable":true,"href":"https:\/\/schneider-dalecki.com\/index.php?rest_route=\/wp\/v2\/pages\/2"}],"wp:attachment":[{"href":"https:\/\/schneider-dalecki.com\/index.php?rest_route=%2Fwp%2Fv2%2Fmedia&parent=102"}],"curies":[{"name":"wp","href":"https:\/\/api.w.org\/{rel}","templated":true}]}}