{"id":76,"date":"2020-08-24T19:27:16","date_gmt":"2020-08-24T17:27:16","guid":{"rendered":"http:\/\/schneider-dalecki.com\/?page_id=76"},"modified":"2021-11-29T12:40:20","modified_gmt":"2021-11-29T11:40:20","slug":"co-robimy","status":"publish","type":"page","link":"http:\/\/schneider-dalecki.com\/?page_id=76","title":{"rendered":"Co robimy"},"content":{"rendered":"<p style=\"text-align: center;\">Jeste\u015bmy nowoczesn\u0105 dynamicznie rozwijaj\u0105c\u0105 si\u0119 firm\u0105 produkcyjn\u0105 z wieloletnim do\u015bwiadczeniem. Produkujemy wyroby na bazie \u017cywic poliestrowych. Nasze produkty wykorzystywane s\u0105 g\u0142ownie w przemy\u015ble rolniczym, marynistycznym, automotive i hotelarskim.<\/p>\n<p style=\"text-align: center;\">Nasi klienci:<\/p>\n<div id='gallery-1' class='gallery galleryid-76 gallery-columns-3 gallery-size-full'><figure class='gallery-item'>\n\t\t\t<div class='gallery-icon landscape'>\n\t\t\t\t<a href='http:\/\/schneider-dalecki.com\/wp-content\/uploads\/2021\/11\/Polcom.png'><img width=\"737\" height=\"599\" src=\"http:\/\/schneider-dalecki.com\/wp-content\/uploads\/2021\/11\/Polcom.png\" class=\"attachment-full size-full\" alt=\"\" loading=\"lazy\" aria-describedby=\"gallery-1-155\" srcset=\"http:\/\/schneider-dalecki.com\/wp-content\/uploads\/2021\/11\/Polcom.png 737w, http:\/\/schneider-dalecki.com\/wp-content\/uploads\/2021\/11\/Polcom-300x244.png 300w\" sizes=\"(max-width: 737px) 100vw, 737px\" \/><\/a>\n\t\t\t<\/div>\n\t\t\t\t<figcaption class='wp-caption-text gallery-caption' id='gallery-1-155'>\n\t\t\t\tPOLCOM\n\t\t\t\t<\/figcaption><\/figure><figure class='gallery-item'>\n\t\t\t<div class='gallery-icon landscape'>\n\t\t\t\t<a href='http:\/\/schneider-dalecki.com\/wp-content\/uploads\/2021\/11\/Delphia.png'><img width=\"848\" height=\"599\" src=\"http:\/\/schneider-dalecki.com\/wp-content\/uploads\/2021\/11\/Delphia.png\" class=\"attachment-full size-full\" alt=\"\" loading=\"lazy\" aria-describedby=\"gallery-1-151\" srcset=\"http:\/\/schneider-dalecki.com\/wp-content\/uploads\/2021\/11\/Delphia.png 848w, http:\/\/schneider-dalecki.com\/wp-content\/uploads\/2021\/11\/Delphia-300x212.png 300w, http:\/\/schneider-dalecki.com\/wp-content\/uploads\/2021\/11\/Delphia-768x542.png 768w\" sizes=\"(max-width: 848px) 100vw, 848px\" \/><\/a>\n\t\t\t<\/div>\n\t\t\t\t<figcaption class='wp-caption-text gallery-caption' id='gallery-1-151'>\n\t\t\t\tDELPHIA\n\t\t\t\t<\/figcaption><\/figure><figure class='gallery-item'>\n\t\t\t<div class='gallery-icon landscape'>\n\t\t\t\t<a href='http:\/\/schneider-dalecki.com\/wp-content\/uploads\/2021\/11\/amazon.png'><img width=\"1091\" height=\"599\" src=\"http:\/\/schneider-dalecki.com\/wp-content\/uploads\/2021\/11\/amazon.png\" class=\"attachment-full size-full\" alt=\"Amazone\" loading=\"lazy\" aria-describedby=\"gallery-1-146\" srcset=\"http:\/\/schneider-dalecki.com\/wp-content\/uploads\/2021\/11\/amazon.png 1091w, http:\/\/schneider-dalecki.com\/wp-content\/uploads\/2021\/11\/amazon-300x165.png 300w, http:\/\/schneider-dalecki.com\/wp-content\/uploads\/2021\/11\/amazon-1024x562.png 1024w, http:\/\/schneider-dalecki.com\/wp-content\/uploads\/2021\/11\/amazon-768x422.png 768w\" sizes=\"(max-width: 1091px) 100vw, 1091px\" \/><\/a>\n\t\t\t<\/div>\n\t\t\t\t<figcaption class='wp-caption-text gallery-caption' id='gallery-1-146'>\n\t\t\t\tAMAZONE\n\t\t\t\t<\/figcaption><\/figure><figure class='gallery-item'>\n\t\t\t<div class='gallery-icon landscape'>\n\t\t\t\t<a href='http:\/\/schneider-dalecki.com\/wp-content\/uploads\/2021\/11\/Hanse.png'><img width=\"798\" height=\"599\" src=\"http:\/\/schneider-dalecki.com\/wp-content\/uploads\/2021\/11\/Hanse.png\" class=\"attachment-full size-full\" alt=\"\" loading=\"lazy\" aria-describedby=\"gallery-1-153\" srcset=\"http:\/\/schneider-dalecki.com\/wp-content\/uploads\/2021\/11\/Hanse.png 798w, http:\/\/schneider-dalecki.com\/wp-content\/uploads\/2021\/11\/Hanse-300x225.png 300w, http:\/\/schneider-dalecki.com\/wp-content\/uploads\/2021\/11\/Hanse-768x576.png 768w, http:\/\/schneider-dalecki.com\/wp-content\/uploads\/2021\/11\/Hanse-373x280.png 373w\" sizes=\"(max-width: 798px) 100vw, 798px\" \/><\/a>\n\t\t\t<\/div>\n\t\t\t\t<figcaption class='wp-caption-text gallery-caption' id='gallery-1-153'>\n\t\t\t\tHANSE\n\t\t\t\t<\/figcaption><\/figure><figure class='gallery-item'>\n\t\t\t<div class='gallery-icon landscape'>\n\t\t\t\t<a href='http:\/\/schneider-dalecki.com\/wp-content\/uploads\/2021\/11\/Concorde.png'><img width=\"1198\" height=\"599\" src=\"http:\/\/schneider-dalecki.com\/wp-content\/uploads\/2021\/11\/Concorde.png\" class=\"attachment-full size-full\" alt=\"\" loading=\"lazy\" aria-describedby=\"gallery-1-149\" srcset=\"http:\/\/schneider-dalecki.com\/wp-content\/uploads\/2021\/11\/Concorde.png 1198w, http:\/\/schneider-dalecki.com\/wp-content\/uploads\/2021\/11\/Concorde-300x150.png 300w, http:\/\/schneider-dalecki.com\/wp-content\/uploads\/2021\/11\/Concorde-1024x512.png 1024w, http:\/\/schneider-dalecki.com\/wp-content\/uploads\/2021\/11\/Concorde-768x384.png 768w\" sizes=\"(max-width: 1198px) 100vw, 1198px\" \/><\/a>\n\t\t\t<\/div>\n\t\t\t\t<figcaption class='wp-caption-text gallery-caption' id='gallery-1-149'>\n\t\t\t\tCONCORDE\n\t\t\t\t<\/figcaption><\/figure><figure class='gallery-item'>\n\t\t\t<div class='gallery-icon landscape'>\n\t\t\t\t<a href='http:\/\/schneider-dalecki.com\/wp-content\/uploads\/2021\/11\/Westfalia.png'><img width=\"799\" height=\"599\" src=\"http:\/\/schneider-dalecki.com\/wp-content\/uploads\/2021\/11\/Westfalia.png\" class=\"attachment-full size-full\" alt=\"\" loading=\"lazy\" aria-describedby=\"gallery-1-158\" srcset=\"http:\/\/schneider-dalecki.com\/wp-content\/uploads\/2021\/11\/Westfalia.png 799w, http:\/\/schneider-dalecki.com\/wp-content\/uploads\/2021\/11\/Westfalia-300x225.png 300w, http:\/\/schneider-dalecki.com\/wp-content\/uploads\/2021\/11\/Westfalia-768x576.png 768w, http:\/\/schneider-dalecki.com\/wp-content\/uploads\/2021\/11\/Westfalia-373x280.png 373w\" sizes=\"(max-width: 799px) 100vw, 799px\" \/><\/a>\n\t\t\t<\/div>\n\t\t\t\t<figcaption class='wp-caption-text gallery-caption' id='gallery-1-158'>\n\t\t\t\tWESTFALIA\n\t\t\t\t<\/figcaption><\/figure><figure class='gallery-item'>\n\t\t\t<div class='gallery-icon landscape'>\n\t\t\t\t<a href='http:\/\/schneider-dalecki.com\/wp-content\/uploads\/2021\/11\/Bavaria.png'><img width=\"869\" height=\"599\" src=\"http:\/\/schneider-dalecki.com\/wp-content\/uploads\/2021\/11\/Bavaria.png\" class=\"attachment-full size-full\" alt=\"\" loading=\"lazy\" aria-describedby=\"gallery-1-148\" srcset=\"http:\/\/schneider-dalecki.com\/wp-content\/uploads\/2021\/11\/Bavaria.png 869w, http:\/\/schneider-dalecki.com\/wp-content\/uploads\/2021\/11\/Bavaria-300x207.png 300w, http:\/\/schneider-dalecki.com\/wp-content\/uploads\/2021\/11\/Bavaria-768x529.png 768w\" sizes=\"(max-width: 869px) 100vw, 869px\" \/><\/a>\n\t\t\t<\/div>\n\t\t\t\t<figcaption class='wp-caption-text gallery-caption' id='gallery-1-148'>\n\t\t\t\tBAVARIA YACHTS\n\t\t\t\t<\/figcaption><\/figure><figure class='gallery-item'>\n\t\t\t<div class='gallery-icon landscape'>\n\t\t\t\t<a href='http:\/\/schneider-dalecki.com\/wp-content\/uploads\/2021\/11\/fassmer.png'><img width=\"1258\" height=\"598\" src=\"http:\/\/schneider-dalecki.com\/wp-content\/uploads\/2021\/11\/fassmer.png\" class=\"attachment-full size-full\" alt=\"\" loading=\"lazy\" aria-describedby=\"gallery-1-152\" srcset=\"http:\/\/schneider-dalecki.com\/wp-content\/uploads\/2021\/11\/fassmer.png 1258w, http:\/\/schneider-dalecki.com\/wp-content\/uploads\/2021\/11\/fassmer-300x143.png 300w, http:\/\/schneider-dalecki.com\/wp-content\/uploads\/2021\/11\/fassmer-1024x487.png 1024w, http:\/\/schneider-dalecki.com\/wp-content\/uploads\/2021\/11\/fassmer-768x365.png 768w\" sizes=\"(max-width: 1258px) 100vw, 1258px\" \/><\/a>\n\t\t\t<\/div>\n\t\t\t\t<figcaption class='wp-caption-text gallery-caption' id='gallery-1-152'>\n\t\t\t\tFASSMER\n\t\t\t\t<\/figcaption><\/figure><figure class='gallery-item'>\n\t\t\t<div class='gallery-icon landscape'>\n\t\t\t\t<a href='http:\/\/schneider-dalecki.com\/wp-content\/uploads\/2021\/11\/Nautitech.png'><img width=\"1348\" height=\"599\" src=\"http:\/\/schneider-dalecki.com\/wp-content\/uploads\/2021\/11\/Nautitech.png\" class=\"attachment-full size-full\" alt=\"\" loading=\"lazy\" aria-describedby=\"gallery-1-154\" srcset=\"http:\/\/schneider-dalecki.com\/wp-content\/uploads\/2021\/11\/Nautitech.png 1348w, http:\/\/schneider-dalecki.com\/wp-content\/uploads\/2021\/11\/Nautitech-300x133.png 300w, http:\/\/schneider-dalecki.com\/wp-content\/uploads\/2021\/11\/Nautitech-1024x455.png 1024w, http:\/\/schneider-dalecki.com\/wp-content\/uploads\/2021\/11\/Nautitech-768x341.png 768w\" sizes=\"(max-width: 1348px) 100vw, 1348px\" \/><\/a>\n\t\t\t<\/div>\n\t\t\t\t<figcaption class='wp-caption-text gallery-caption' id='gallery-1-154'>\n\t\t\t\tNAUTITECH\n\t\t\t\t<\/figcaption><\/figure><figure class='gallery-item'>\n\t\t\t<div class='gallery-icon landscape'>\n\t\t\t\t<a href='http:\/\/schneider-dalecki.com\/wp-content\/uploads\/2021\/11\/axopar.png'><img width=\"1295\" height=\"599\" src=\"http:\/\/schneider-dalecki.com\/wp-content\/uploads\/2021\/11\/axopar.png\" class=\"attachment-full size-full\" alt=\"\" loading=\"lazy\" aria-describedby=\"gallery-1-147\" srcset=\"http:\/\/schneider-dalecki.com\/wp-content\/uploads\/2021\/11\/axopar.png 1295w, http:\/\/schneider-dalecki.com\/wp-content\/uploads\/2021\/11\/axopar-300x139.png 300w, http:\/\/schneider-dalecki.com\/wp-content\/uploads\/2021\/11\/axopar-1024x474.png 1024w, http:\/\/schneider-dalecki.com\/wp-content\/uploads\/2021\/11\/axopar-768x355.png 768w\" sizes=\"(max-width: 1295px) 100vw, 1295px\" \/><\/a>\n\t\t\t<\/div>\n\t\t\t\t<figcaption class='wp-caption-text gallery-caption' id='gallery-1-147'>\n\t\t\t\tAXOPAR\n\t\t\t\t<\/figcaption><\/figure><figure class='gallery-item'>\n\t\t\t<div class='gallery-icon landscape'>\n\t\t\t\t<a href='http:\/\/schneider-dalecki.com\/wp-content\/uploads\/2021\/11\/TTS.png'><img width=\"656\" height=\"599\" src=\"http:\/\/schneider-dalecki.com\/wp-content\/uploads\/2021\/11\/TTS.png\" class=\"attachment-full size-full\" alt=\"\" loading=\"lazy\" aria-describedby=\"gallery-1-156\" srcset=\"http:\/\/schneider-dalecki.com\/wp-content\/uploads\/2021\/11\/TTS.png 656w, http:\/\/schneider-dalecki.com\/wp-content\/uploads\/2021\/11\/TTS-300x274.png 300w\" sizes=\"(max-width: 656px) 100vw, 656px\" \/><\/a>\n\t\t\t<\/div>\n\t\t\t\t<figcaption class='wp-caption-text gallery-caption' id='gallery-1-156'>\n\t\t\t\tTTS\n\t\t\t\t<\/figcaption><\/figure><figure class='gallery-item'>\n\t\t\t<div class='gallery-icon landscape'>\n\t\t\t\t<a href='http:\/\/schneider-dalecki.com\/wp-content\/uploads\/2021\/11\/wenker.png'><img width=\"1116\" height=\"598\" src=\"http:\/\/schneider-dalecki.com\/wp-content\/uploads\/2021\/11\/wenker.png\" class=\"attachment-full size-full\" alt=\"\" loading=\"lazy\" aria-describedby=\"gallery-1-157\" srcset=\"http:\/\/schneider-dalecki.com\/wp-content\/uploads\/2021\/11\/wenker.png 1116w, http:\/\/schneider-dalecki.com\/wp-content\/uploads\/2021\/11\/wenker-300x161.png 300w, http:\/\/schneider-dalecki.com\/wp-content\/uploads\/2021\/11\/wenker-1024x549.png 1024w, http:\/\/schneider-dalecki.com\/wp-content\/uploads\/2021\/11\/wenker-768x412.png 768w\" sizes=\"(max-width: 1116px) 100vw, 1116px\" \/><\/a>\n\t\t\t<\/div>\n\t\t\t\t<figcaption class='wp-caption-text gallery-caption' id='gallery-1-157'>\n\t\t\t\tWENKER\n\t\t\t\t<\/figcaption><\/figure><figure class='gallery-item'>\n\t\t\t<div class='gallery-icon landscape'>\n\t\t\t\t<a href='http:\/\/schneider-dalecki.com\/wp-content\/uploads\/2021\/11\/corsiva.png'><img width=\"1198\" height=\"599\" src=\"http:\/\/schneider-dalecki.com\/wp-content\/uploads\/2021\/11\/corsiva.png\" class=\"attachment-full size-full\" alt=\"\" loading=\"lazy\" aria-describedby=\"gallery-1-150\" srcset=\"http:\/\/schneider-dalecki.com\/wp-content\/uploads\/2021\/11\/corsiva.png 1198w, http:\/\/schneider-dalecki.com\/wp-content\/uploads\/2021\/11\/corsiva-300x150.png 300w, http:\/\/schneider-dalecki.com\/wp-content\/uploads\/2021\/11\/corsiva-1024x512.png 1024w, http:\/\/schneider-dalecki.com\/wp-content\/uploads\/2021\/11\/corsiva-768x384.png 768w\" sizes=\"(max-width: 1198px) 100vw, 1198px\" \/><\/a>\n\t\t\t<\/div>\n\t\t\t\t<figcaption class='wp-caption-text gallery-caption' id='gallery-1-150'>\n\t\t\t\tCORSIVA\n\t\t\t\t<\/figcaption><\/figure>\n\t\t<\/div>\n\n<p>&nbsp;<\/p>\n<p style=\"text-align: center;\">\n","protected":false},"excerpt":{"rendered":"<p>Jeste\u015bmy nowoczesn\u0105 dynamicznie rozwijaj\u0105c\u0105 si\u0119 firm\u0105 produkcyjn\u0105 z wieloletnim do\u015bwiadczeniem. Produkujemy wyroby na bazie \u017cywic poliestrowych. Nasze produkty wykorzystywane s\u0105 g\u0142ownie w przemy\u015ble rolniczym, marynistycznym, automotive i hotelarskim. Nasi klienci: &nbsp;<\/p>\n","protected":false},"author":1,"featured_media":0,"parent":2,"menu_order":0,"comment_status":"closed","ping_status":"closed","template":"","meta":[],"_links":{"self":[{"href":"http:\/\/schneider-dalecki.com\/index.php?rest_route=\/wp\/v2\/pages\/76"}],"collection":[{"href":"http:\/\/schneider-dalecki.com\/index.php?rest_route=\/wp\/v2\/pages"}],"about":[{"href":"http:\/\/schneider-dalecki.com\/index.php?rest_route=\/wp\/v2\/types\/page"}],"author":[{"embeddable":true,"href":"http:\/\/schneider-dalecki.com\/index.php?rest_route=\/wp\/v2\/users\/1"}],"replies":[{"embeddable":true,"href":"http:\/\/schneider-dalecki.com\/index.php?rest_route=%2Fwp%2Fv2%2Fcomments&post=76"}],"version-history":[{"count":11,"href":"http:\/\/schneider-dalecki.com\/index.php?rest_route=\/wp\/v2\/pages\/76\/revisions"}],"predecessor-version":[{"id":144,"href":"http:\/\/schneider-dalecki.com\/index.php?rest_route=\/wp\/v2\/pages\/76\/revisions\/144"}],"up":[{"embeddable":true,"href":"http:\/\/schneider-dalecki.com\/index.php?rest_route=\/wp\/v2\/pages\/2"}],"wp:attachment":[{"href":"http:\/\/schneider-dalecki.com\/index.php?rest_route=%2Fwp%2Fv2%2Fmedia&parent=76"}],"curies":[{"name":"wp","href":"https:\/\/api.w.org\/{rel}","templated":true}]}}