{"id":302,"date":"2022-04-05T10:22:39","date_gmt":"2022-04-05T08:22:39","guid":{"rendered":"http:\/\/schneider-dalecki.com\/?page_id=302"},"modified":"2022-04-05T10:28:25","modified_gmt":"2022-04-05T08:28:25","slug":"contact-us","status":"publish","type":"page","link":"http:\/\/schneider-dalecki.com\/?page_id=302&lang=en","title":{"rendered":"CONTACT US"},"content":{"rendered":"<p style=\"text-align: center;\"><strong>Office<\/strong><\/p>\n<p style=\"text-align: center;\">18 Pu\u0142ku U\u0142an\u00f3w Pomorskich 70<\/p>\n<p style=\"text-align: center;\">89-620 Krojanty, Chojnice,<\/p>\n<p style=\"text-align: center;\">POLAND<\/p>\n<p style=\"text-align: center;\">TEL:\u00a0 +48 523 951 631<\/p>\n<p style=\"text-align: center;\">MAIL: info@schneider-dalecki.com<\/p>\n<p style=\"text-align: center;\">\n<p style=\"text-align: center;\">\n<p style=\"text-align: center;\"><iframe loading=\"lazy\" style=\"border: 0;\" src=\"https:\/\/www.google.com\/maps\/embed?pb=!1m14!1m8!1m3!1d9440.95013239548!2d17.615236!3d53.7318441!3m2!1i1024!2i768!4f13.1!3m3!1m2!1s0x0%3A0xb95b2e149fc38497!2sSchneider%20%26%20Dalecki%20Composites%20Sp.%20z%20o.o.!5e0!3m2!1spl!2spl!4v1649145818334!5m2!1spl!2spl\" width=\"800\" height=\"600\" allowfullscreen=\"allowfullscreen\"><\/iframe><\/p>\n","protected":false},"excerpt":{"rendered":"<p>Office 18 Pu\u0142ku U\u0142an\u00f3w Pomorskich 70 89-620 Krojanty, Chojnice, POLAND TEL:\u00a0 +48 523 951 631 MAIL: info@schneider-dalecki.com<\/p>\n","protected":false},"author":3,"featured_media":0,"parent":226,"menu_order":0,"comment_status":"closed","ping_status":"closed","template":"","meta":[],"_links":{"self":[{"href":"http:\/\/schneider-dalecki.com\/index.php?rest_route=\/wp\/v2\/pages\/302"}],"collection":[{"href":"http:\/\/schneider-dalecki.com\/index.php?rest_route=\/wp\/v2\/pages"}],"about":[{"href":"http:\/\/schneider-dalecki.com\/index.php?rest_route=\/wp\/v2\/types\/page"}],"author":[{"embeddable":true,"href":"http:\/\/schneider-dalecki.com\/index.php?rest_route=\/wp\/v2\/users\/3"}],"replies":[{"embeddable":true,"href":"http:\/\/schneider-dalecki.com\/index.php?rest_route=%2Fwp%2Fv2%2Fcomments&post=302"}],"version-history":[{"count":2,"href":"http:\/\/schneider-dalecki.com\/index.php?rest_route=\/wp\/v2\/pages\/302\/revisions"}],"predecessor-version":[{"id":308,"href":"http:\/\/schneider-dalecki.com\/index.php?rest_route=\/wp\/v2\/pages\/302\/revisions\/308"}],"up":[{"embeddable":true,"href":"http:\/\/schneider-dalecki.com\/index.php?rest_route=\/wp\/v2\/pages\/226"}],"wp:attachment":[{"href":"http:\/\/schneider-dalecki.com\/index.php?rest_route=%2Fwp%2Fv2%2Fmedia&parent=302"}],"curies":[{"name":"wp","href":"https:\/\/api.w.org\/{rel}","templated":true}]}}